{"id":89,"date":"2018-04-26T04:14:13","date_gmt":"2018-04-26T04:14:13","guid":{"rendered":"http:\/\/visakanv.com\/?page_id=89"},"modified":"2018-04-26T04:14:13","modified_gmt":"2018-04-26T04:14:13","slug":"mentions","status":"publish","type":"page","link":"https:\/\/www.visakanv.com\/archives\/mentions\/","title":{"rendered":"\ud83d\udcf0 mentions"},"content":{"rendered":"<p><a href=\"https:\/\/www.youtube.com\/watch?v=d6ZOGNjAyjs\">Earning A Living Selling Funny Tees<\/a>\u00a0[3:13] (Millennials of Singapore)<\/p>\n<p><a href=\"https:\/\/www.shopify.com.sg\/blog\/building-a-six-figure-business-shopify-singapore\">Statement\u2019s Story: How an Entrepreneur Converted His Passion for Politically Edgy Memes to a Six-Figure Business<\/a> (Shopify)<\/p>\n<p><a href=\"http:\/\/ricemedia.co\/tortured-geniuses-gep-kids-on-the-burden-of-being-gifted\/\">Tortured Geniuses: GEP Kids on the Burden of Being Gifted<\/a>\u00a0(RICE media)<\/p>\n<p><a href=\"https:\/\/withcontent.co\/true-cost-good-content-experts\/\">The True Cost of Good Content (Based on 5 Experts)<\/a>\u00a0(withcontent.co)<\/p>\n<p><a href=\"https:\/\/www.theguardian.com\/commentisfree\/2018\/aug\/06\/boring-dystopia-way-world-ends-not-with-bang-wimple\">Boring dystopia is the way the world ends \u2013 not with a bang or a wimple<\/a> (The Guardian)<\/p>\n<p><a href=\"http:\/\/time.com\/5412058\/distracted-groom-meme\/\">The Distracted Groom Memes Take the Distracted Boyfriend Setup to New Heights<\/a> (TIME)<\/p>\n<p><a href=\"https:\/\/sg.news.yahoo.com\/many-twitter-users-singapore-063057799.html\">How many Twitter users are there in Singapore?<\/a>\u00a0(Yahoo News)<\/p>\n<p><a href=\"https:\/\/www.inc.com\/quora\/10-signs-you-might-have-what-it-takes-to-be-a-successful-entrepreneur.html\">10 Signs You Might Have What It Takes to be a Successful Entrepreneur<\/a> (Inc.com)<\/p>\n<p><a href=\"http:\/\/time.com\/3018378\/what-is-the-most-productive-thing-i-can-do-when-i-am-bored\/\">What Is The Most Productive Thing I Can Do When I Am Bored?<\/a> (time.com)<\/p>\n<p><a href=\"https:\/\/www.allsingaporestuff.com\/article\/blogger-chit-chatted-lee-hsien-loong-he-nice-person\">Blogger: Chit-chatted with Lee Hsien Loong. He is a nice person<\/a> (All Singapore Stuff)<\/p>\n<p><a href=\"https:\/\/vulcanpost.com\/482421\/questions-quora-internet-had-about-singapore\/\">From Bizarre To Thought-Provoking: 5 Biggest Questions Quora Has For Singapore<\/a>\u00a0(Vulcan Post) \u2013 PS: Factual error, I did not serve in the bomb squad<\/p>\n<p><a href=\"http:\/\/www.asianentrepreneur.org\/visakan-veerasamy-content-strategist-referralcandy\/\">Visakan Veerasamy \u2013 Content Strategist of ReferralCandy<\/a> (Asian Entrepreneur)<\/p>\n<p><a href=\"https:\/\/www.straitstimes.com\/singapore\/commuters-are-more-gracious-index\">Commuters are more gracious<\/a>: Index (straitstimes.com)<\/p>\n<p><a href=\"https:\/\/sg.news.yahoo.com\/latest-junior-college-cut-off-points-reignite-debate-on-singapore-s-education-system-084938035.html?guccounter=1\">Latest Junior College cut-off points reignite debate on Singapore\u2019s education system<\/a> (news.yahoo.com)<\/p>\n<p><a href=\"https:\/\/vulcanpost.com\/590961\/interesting-startups-according-to-singaporean-startup-founders\/\">The Most Interesting Startups Right Now, According To These Singaporean Startup Founders<\/a> (vulcanpost.com)<\/p>\n<p><a href=\"https:\/\/www.straitstimes.com\/lifestyle\/stylish-hongbao-and-humorous-t-shirts-add-funky-modern-touch-to-chinese-new-year\">Stylish hongbao and humorous T-shirts add funky, modern touch to Chinese New Year<\/a>\u00a0(straitstimes.com)<\/p>\n<p><a href=\"https:\/\/www.straitstimes.com\/lifestyle\/grades-are-not-the-only-pathway-to-success-says-community-group\">Grades are not the only pathway to success, says community group<\/a>\u00a0(Straits Times)<\/p>\n<p><a href=\"http:\/\/theindependent.sg\/activist-accuses-the-straits-times-of-twisting-her-words-by-adding-and-removing-text-without-permission\/\">Activist accuses The Straits Times of twisting her words by adding and removing text without permission<\/a> (The Independent)<\/p>\n<p><a href=\"https:\/\/coconuts.co\/singapore\/news\/american-man-wages-twitter-war-straits-times-usage-british-english-murica\/\">American man wages Twitter war against The Straits Times\u2019 usage of British English, because \u2018Murica<\/a>\u00a0(Coconuts)<\/p>\n<p><a href=\"http:\/\/www.tnp.sg\/news\/singapore\/scream-responsibly-hong-lim-park\">Scream Responsibly at Hong Lim Park<\/a> (The New Paper)<\/p>\n<p><a href=\"https:\/\/www.info.cz\/auto\/rozpacity-den-elona-muska-predstaveni-elektronakladaku-tesly-vzbudilo-nadseni-i-skepsi-19450.html\">Rozpa\u010dit\u00fd den Elona Muska: P\u0159edstaven\u00ed elektron\u00e1kla\u010f\u00e1ku Tesly vzbudilo nad\u0161en\u00ed i skepsi<\/a>\u00a0(info.cz)<\/p>\n<p><a href=\"https:\/\/www.techinasia.com\/entrepreneur-porn-heres\">There\u2019s a need for \u2018entrepreneur porn\u2019. Here\u2019s why.<\/a> (techinasia.com)<\/p>\n<p><a class=\"l lLrAF\" href=\"http:\/\/www.cocoachina.com\/programmer\/20150417\/11564.html\">\u5f53\u4f60\u65e0\u804a\u65f6\u53ef\u4ee5\u505a\u8fd915\u4ef6\u9ad8\u6548\u7684\u4e8b<\/a>\u00a0(CocoaChina)<\/p>\n<p><a href=\"https:\/\/www.theonlinecitizen.com\/2015\/08\/12\/deconstructing-the-arguments-of-yet-another-teenage-singaporean-elitist\/\">Deconstructing the arguments of yet another teenage Singaporean elitist<\/a> (theonlinecitizen.com)<\/p>\n<p><a href=\"https:\/\/www.channel8news.sg\/news8\/singapore\/20170724-sg-mrt\/3776200.html\">Delay in service delay due to door failure during the peak hour of the MTR North-South Line<\/a> (channel8news.sg)<\/p>\n<p><a href=\"https:\/\/www.lifehack.org\/articles\/productivity\/when-youre-bored-these-15-productive-things.html\">When You&#8217;re Bored, Do These 15 Productive Things<\/a>\u00a0(lifehack.org)<\/p>\n<p><a href=\"https:\/\/www.lifehack.org\/articles\/lifestyle\/highest-leverage-activities-ensure-good-life.html\">The Highest Leverage Activities That Are Best for Ensuring That You Have a Good Life<\/a>\u00a0(lifehack.org)<\/p>\n<p><a href=\"https:\/\/www.salary.sg\/2009\/hdb-kids-dont-perform-as-well-in-psle\/\">HDB Kids Don\u2019t Perform as well in PSLE<\/a> (salary.sg) [2009]<\/p>\n<p><a href=\"http:\/\/www.asiaone.com\/News\/AsiaOne%2BNews\/Singapore\/Story\/A1Story20110505-277180.html\">&#8216;Build our future together<\/a>&#8216; \u2013 LHL 2011 live chat<\/p>\n<p><a href=\"http:\/\/www.asiaone.com\/singapore\/fun-and-festive\">Fun and festive<\/a> \u2013 2015, Statement<\/p>\n<p>Videos:<\/p>\n<ul>\n<li><a href=\"https:\/\/www.youtube.com\/watch?v=d6ZOGNjAyjs\">Earning A Living Selling Funny Tees<\/a> [2018]<\/li>\n<li><a href=\"https:\/\/www.youtube.com\/watch?v=P3NIqB3dbX0\">Statement \u2013 Singapore Icons in Pop Culture<\/a>\u00a0[2016]<\/li>\n<li><a href=\"https:\/\/www.youtube.com\/watch?v=h2pHUmQkxOY\">Free My Internet<\/a> [2013]<\/li>\n<li><a href=\"https:\/\/www.youtube.com\/watch?v=6KN9q61yt3I\">Online|Offline<\/a>\u00a0[2013] (<a href=\"https:\/\/www.youtube.com\/watch?v=_Hf0a_9qf_Y\">part 2<\/a>)<\/li>\n<li><a href=\"https:\/\/www.youtube.com\/watch?v=5S1QSjHsec4\">Standup at Comedy Masala<\/a>\u00a0[2012]<\/li>\n<li><a href=\"https:\/\/www.youtube.com\/watch?v=q3BIpEte-Gw\">Gloria<\/a>\u00a0[2012]<\/li>\n<\/ul>\n<p>I&#8217;ve been on a bunch of <a href=\"http:\/\/visakanv.com\/podcasts\">podcasts<\/a>.<\/p>\n<p>Recommends from:<\/p>\n<ul>\n<li><a href=\"https:\/\/twitter.com\/alexisohanian\/status\/507661882325762048\">Alexis Ohanian<\/a><\/li>\n<li><a href=\"https:\/\/twitter.com\/nilofer\/status\/507516047604600832\">Nilofer Merchant<\/a><\/li>\n<li><a href=\"https:\/\/twitter.com\/vgr\/status\/646152528501932032\">Venkatesh Rao<\/a><\/li>\n<li><a href=\"https:\/\/twitter.com\/juliagalef\/status\/914241442356150272\">Julia Galef<\/a><\/li>\n<li><a href=\"https:\/\/twitter.com\/ev\/status\/507025354188275712\">Ev Williams<\/a><\/li>\n<\/ul>\n","protected":false},"excerpt":{"rendered":"<p>Earning A Living Selling Funny Tees\u00a0[3:13] (Millennials of Singapore) Statement\u2019s Story: How an Entrepreneur Converted His Passion for Politically Edgy Memes to a Six-Figure Business (Shopify) Tortured Geniuses: GEP Kids on the Burden of Being Gifted\u00a0(RICE media) The True Cost of Good Content (Based on 5 Experts)\u00a0(withcontent.co) Boring dystopia is&hellip; <\/p>\n","protected":false},"author":1,"featured_media":0,"parent":0,"menu_order":0,"comment_status":"closed","ping_status":"closed","template":"","meta":{"jetpack_post_was_ever_published":false,"footnotes":""},"class_list":["post-89","page","type-page","status-publish","hentry"],"jetpack_sharing_enabled":true,"jetpack_shortlink":"https:\/\/wp.me\/P5gxNz-1r","_links":{"self":[{"href":"https:\/\/www.visakanv.com\/archives\/wp-json\/wp\/v2\/pages\/89","targetHints":{"allow":["GET"]}}],"collection":[{"href":"https:\/\/www.visakanv.com\/archives\/wp-json\/wp\/v2\/pages"}],"about":[{"href":"https:\/\/www.visakanv.com\/archives\/wp-json\/wp\/v2\/types\/page"}],"author":[{"embeddable":true,"href":"https:\/\/www.visakanv.com\/archives\/wp-json\/wp\/v2\/users\/1"}],"replies":[{"embeddable":true,"href":"https:\/\/www.visakanv.com\/archives\/wp-json\/wp\/v2\/comments?post=89"}],"version-history":[{"count":0,"href":"https:\/\/www.visakanv.com\/archives\/wp-json\/wp\/v2\/pages\/89\/revisions"}],"wp:attachment":[{"href":"https:\/\/www.visakanv.com\/archives\/wp-json\/wp\/v2\/media?parent=89"}],"curies":[{"name":"wp","href":"https:\/\/api.w.org\/{rel}","templated":true}]}}